
{"id":131,"date":"2017-12-01T15:25:43","date_gmt":"2017-12-01T17:25:43","guid":{"rendered":"http:\/\/fgholding.com.br\/johari\/?page_id=131"},"modified":"2020-04-13T16:40:11","modified_gmt":"2020-04-13T19:40:11","slug":"simgp","status":"publish","type":"page","link":"https:\/\/johariconsultoria.com.br\/index.php\/servicos\/gestao-de-pessoas-e-treinamento\/simgp\/","title":{"rendered":"SIMGP"},"content":{"rendered":"<p>O<strong> SIMGP<\/strong> \u00e9 a melhor solu\u00e7\u00e3o para gest\u00e3o de pessoas.<\/p>\n<p>Essa \u00e9 uma sistem\u00e1tica para micro, pequenas e m\u00e9dias empresas que necessitam de uma estrutura especializada para desenvolvimento de pessoas.\u00a0A maioria dessas empresas n\u00e3o possuem t\u00e9cnicas para gest\u00e3o de pessoas essa sistem\u00e1tica de implanta\u00e7\u00e3o \u00e9 a solu\u00e7\u00e3o.<\/p>\n<p><strong>SIMGP<\/strong> significa sistem\u00e1tica de implanta\u00e7\u00e3o de gest\u00e3o de pessoas e trata-se de um m\u00e9todo exclusivo da Johari.<\/p>\n<p>Desse modo, o<strong> SIMGP <\/strong>\u00e9 um m\u00e9todo eficaz que prepara diretores, l\u00edderes e equipes para realizar a gest\u00e3o de pessoas de forma pr\u00e1tica e integrada aos objetivos da organiza\u00e7\u00e3o. A base de implanta\u00e7\u00e3o \u00e9 o modelo de gest\u00e3o de pessoas por talentos e compet\u00eancias, agregando valor a <strong>empresa<\/strong>, aos <strong>colaboradores<\/strong> e aos <strong>clientes<\/strong>. Em nossa experi\u00eancia, comprovamos que esse m\u00e9todo permite o conhecimento constru\u00eddo e assimilado por todos de forma abrangente e em um clima de participa\u00e7\u00e3o volunt\u00e1ria levando ao comprometimento e engajamento genu\u00edno de todos os n\u00edveis da organiza\u00e7\u00e3o.<\/p>\n<p><img loading=\"lazy\" class=\"alignnone size-full wp-image-510\" src=\"\/wp-content\/uploads\/2018\/02\/SIMGP.png\" alt=\"\" width=\"935\" height=\"311\" srcset=\"https:\/\/johariconsultoria.com.br\/wp-content\/uploads\/2018\/02\/SIMGP.png 935w, https:\/\/johariconsultoria.com.br\/wp-content\/uploads\/2018\/02\/SIMGP-300x100.png 300w, https:\/\/johariconsultoria.com.br\/wp-content\/uploads\/2018\/02\/SIMGP-768x255.png 768w\" sizes=\"(max-width: 935px) 100vw, 935px\" \/><\/p>\n","protected":false},"excerpt":{"rendered":"<p>O SIMGP \u00e9 a melhor solu\u00e7\u00e3o para gest\u00e3o de pessoas. Essa \u00e9 uma sistem\u00e1tica para micro, pequenas e m\u00e9dias empresas que necessitam de uma estrutura especializada para desenvolvimento de pessoas.\u00a0A maioria dessas empresas n\u00e3o possuem t\u00e9cnicas para gest\u00e3o de pessoas essa sistem\u00e1tica de implanta\u00e7\u00e3o \u00e9 a solu\u00e7\u00e3o. SIMGP significa sistem\u00e1tica de implanta\u00e7\u00e3o de gest\u00e3o de [&hellip;]<\/p>\n","protected":false},"author":1,"featured_media":0,"parent":49,"menu_order":0,"comment_status":"closed","ping_status":"closed","template":"page-servico.php","meta":[],"_links":{"self":[{"href":"https:\/\/johariconsultoria.com.br\/index.php\/wp-json\/wp\/v2\/pages\/131"}],"collection":[{"href":"https:\/\/johariconsultoria.com.br\/index.php\/wp-json\/wp\/v2\/pages"}],"about":[{"href":"https:\/\/johariconsultoria.com.br\/index.php\/wp-json\/wp\/v2\/types\/page"}],"author":[{"embeddable":true,"href":"https:\/\/johariconsultoria.com.br\/index.php\/wp-json\/wp\/v2\/users\/1"}],"replies":[{"embeddable":true,"href":"https:\/\/johariconsultoria.com.br\/index.php\/wp-json\/wp\/v2\/comments?post=131"}],"version-history":[{"count":22,"href":"https:\/\/johariconsultoria.com.br\/index.php\/wp-json\/wp\/v2\/pages\/131\/revisions"}],"predecessor-version":[{"id":866,"href":"https:\/\/johariconsultoria.com.br\/index.php\/wp-json\/wp\/v2\/pages\/131\/revisions\/866"}],"up":[{"embeddable":true,"href":"https:\/\/johariconsultoria.com.br\/index.php\/wp-json\/wp\/v2\/pages\/49"}],"wp:attachment":[{"href":"https:\/\/johariconsultoria.com.br\/index.php\/wp-json\/wp\/v2\/media?parent=131"}],"curies":[{"name":"wp","href":"https:\/\/api.w.org\/{rel}","templated":true}]}}