
{"id":133,"date":"2017-12-01T17:04:21","date_gmt":"2017-12-01T19:04:21","guid":{"rendered":"http:\/\/fgholding.com.br\/johari\/?page_id=133"},"modified":"2020-04-12T00:48:30","modified_gmt":"2020-04-12T03:48:30","slug":"consultoria-em-gestao-de-pessoas","status":"publish","type":"page","link":"https:\/\/johariconsultoria.com.br\/index.php\/servicos\/gestao-de-pessoas-e-treinamento\/consultoria-em-gestao-de-pessoas\/","title":{"rendered":"Consultoria em Gest\u00e3o de Pessoas"},"content":{"rendered":"<p>Uma vis\u00e3o de fora \u00e9 sempre importante, mas uma vis\u00e3o com experi\u00eancia \u00e9 essencial.<\/p>\n<p>A <strong>Consultoria em Gest\u00e3o de Pessoas<\/strong> oferecido pela Johari fornecemos solu\u00e7\u00f5es completas e efetivas para voc\u00ea conquistar o mercado. Diversos estudos apontam que o capital humano \u00e9 hoje uma das principais vantagens competitivas.<\/p>\n<p>Nosso m\u00e9todo de Consultoria em Gest\u00e3o de Pessoas \u00e9 baseado integralmente na<strong> metologia de Gest\u00e3o de pessoas por compet\u00eancias e talentos\u00a0 <\/strong>nos subsistemas de RH utilizando ferramentas como<strong> BSC &#8211; Balanced Scordcard ,\u00a0 9BOX e SAD &#8211; Sistem\u00e1tica de Avalia\u00e7\u00e3o Ader\u00eancia &#8211; .\u00a0<\/strong><\/p>\n<p>O <strong>SAD\u00a0 &#8211; Sistem\u00e1tica de Avalia\u00e7\u00e3o de Ader\u00eancia &#8211;<\/strong> da Johari \u00e9 um m\u00e9todo pr\u00f3prio implantado em 100% dos nossos Clientes com objetivo de mapear o n\u00edvel de ader\u00eancia dos colaboradores ao perfil do cargo e entregas esperadas. Os resultados e o m\u00e9todo s\u00e3o aplic\u00e1veis a Recrutamento e Sele\u00e7\u00e3o, Plano de Carreira, Promo\u00e7\u00f5es e Treinamento e Desenvolvimento.<\/p>\n<p><a href=\"https:\/\/johariconsultoria.com.br\/index.php\/servicos\/gestao-de-pessoas-e-treinamento-para-empresas\/consultoria-em-gestao-de-pessoas\/sad-ader-2\/\" rel=\"attachment wp-att-789\"><img loading=\"lazy\" class=\"alignnone size-full wp-image-789\" src=\"https:\/\/johariconsultoria.com.br\/wp-content\/uploads\/2020\/04\/SAD-ADER-1.png\" alt=\"\" width=\"1608\" height=\"1131\" srcset=\"https:\/\/johariconsultoria.com.br\/wp-content\/uploads\/2020\/04\/SAD-ADER-1.png 1608w, https:\/\/johariconsultoria.com.br\/wp-content\/uploads\/2020\/04\/SAD-ADER-1-300x211.png 300w, https:\/\/johariconsultoria.com.br\/wp-content\/uploads\/2020\/04\/SAD-ADER-1-768x540.png 768w, https:\/\/johariconsultoria.com.br\/wp-content\/uploads\/2020\/04\/SAD-ADER-1-1024x720.png 1024w\" sizes=\"(max-width: 1608px) 100vw, 1608px\" \/><\/a><\/p>\n<p>Adaptamos em 100% nos projetos de Consultoria em Gest\u00e3o de Pessoas para <strong>modalidade online<\/strong> visando atender as demandas atuais e futuras das empresas.<\/p>\n<p>Chegou a hora de alcan\u00e7ar o sucesso que a sua empresa sempre almejou.<\/p>\n<p><img loading=\"lazy\" class=\"alignnone size-full wp-image-505\" src=\"\/wp-content\/uploads\/2018\/02\/CONSULTORIA.png\" alt=\"\" width=\"935\" height=\"311\" srcset=\"https:\/\/johariconsultoria.com.br\/wp-content\/uploads\/2018\/02\/CONSULTORIA.png 935w, https:\/\/johariconsultoria.com.br\/wp-content\/uploads\/2018\/02\/CONSULTORIA-300x100.png 300w, https:\/\/johariconsultoria.com.br\/wp-content\/uploads\/2018\/02\/CONSULTORIA-768x255.png 768w\" sizes=\"(max-width: 935px) 100vw, 935px\" \/><\/p>\n","protected":false},"excerpt":{"rendered":"<p>Uma vis\u00e3o de fora \u00e9 sempre importante, mas uma vis\u00e3o com experi\u00eancia \u00e9 essencial. A Consultoria em Gest\u00e3o de Pessoas oferecido pela Johari fornecemos solu\u00e7\u00f5es completas e efetivas para voc\u00ea conquistar o mercado. Diversos estudos apontam que o capital humano \u00e9 hoje uma das principais vantagens competitivas. Nosso m\u00e9todo de Consultoria em Gest\u00e3o de Pessoas [&hellip;]<\/p>\n","protected":false},"author":1,"featured_media":0,"parent":49,"menu_order":0,"comment_status":"closed","ping_status":"closed","template":"page-servico.php","meta":[],"_links":{"self":[{"href":"https:\/\/johariconsultoria.com.br\/index.php\/wp-json\/wp\/v2\/pages\/133"}],"collection":[{"href":"https:\/\/johariconsultoria.com.br\/index.php\/wp-json\/wp\/v2\/pages"}],"about":[{"href":"https:\/\/johariconsultoria.com.br\/index.php\/wp-json\/wp\/v2\/types\/page"}],"author":[{"embeddable":true,"href":"https:\/\/johariconsultoria.com.br\/index.php\/wp-json\/wp\/v2\/users\/1"}],"replies":[{"embeddable":true,"href":"https:\/\/johariconsultoria.com.br\/index.php\/wp-json\/wp\/v2\/comments?post=133"}],"version-history":[{"count":9,"href":"https:\/\/johariconsultoria.com.br\/index.php\/wp-json\/wp\/v2\/pages\/133\/revisions"}],"predecessor-version":[{"id":816,"href":"https:\/\/johariconsultoria.com.br\/index.php\/wp-json\/wp\/v2\/pages\/133\/revisions\/816"}],"up":[{"embeddable":true,"href":"https:\/\/johariconsultoria.com.br\/index.php\/wp-json\/wp\/v2\/pages\/49"}],"wp:attachment":[{"href":"https:\/\/johariconsultoria.com.br\/index.php\/wp-json\/wp\/v2\/media?parent=133"}],"curies":[{"name":"wp","href":"https:\/\/api.w.org\/{rel}","templated":true}]}}