
{"id":322,"date":"2018-01-24T09:23:29","date_gmt":"2018-01-24T11:23:29","guid":{"rendered":"http:\/\/fgholding.com.br\/johari\/?page_id=322"},"modified":"2018-02-27T16:48:15","modified_gmt":"2018-02-27T19:48:15","slug":"coaching-vocacional","status":"publish","type":"page","link":"https:\/\/johariconsultoria.com.br\/index.php\/servicos\/encontrar-uma-vocacao\/coaching-vocacional\/","title":{"rendered":"Coaching Vocacional"},"content":{"rendered":"<p>O servi\u00e7o de <strong>Coaching Vocacional<\/strong> oferecido pela Johari, \u00e9 uma modalidade personalizada do Coaching de Carreira, voltado exclusivamente para pessoas que querem definir qual carreira seguir ou aumentar a clareza de seus objetivos profissionais.<\/p>\n<p>O processo de <strong>Coaching Vocacional<\/strong> oferece ao cliente a oportunidade de desenvolver uma a\u00e7\u00e3o cr\u00edtica e reflexiva, a fim de realizar uma s\u00edntese, conhecendo suas habilidades, capacidades, pontos fortes, medos, incertezas, sonhos, desejos, valores e projetos de vida, para que se tenha clareza na defini\u00e7\u00e3o de que caminho seguir.<\/p>\n<p><img loading=\"lazy\" src=\"\/wp-content\/uploads\/2018\/02\/COACHING-VOCACIONAL.png\" alt=\"\" width=\"935\" height=\"364\" class=\"alignnone size-full wp-image-488\" srcset=\"https:\/\/johariconsultoria.com.br\/wp-content\/uploads\/2018\/02\/COACHING-VOCACIONAL.png 935w, https:\/\/johariconsultoria.com.br\/wp-content\/uploads\/2018\/02\/COACHING-VOCACIONAL-300x117.png 300w, https:\/\/johariconsultoria.com.br\/wp-content\/uploads\/2018\/02\/COACHING-VOCACIONAL-768x299.png 768w\" sizes=\"(max-width: 935px) 100vw, 935px\" \/><\/p>\n","protected":false},"excerpt":{"rendered":"<p>O servi\u00e7o de Coaching Vocacional oferecido pela Johari, \u00e9 uma modalidade personalizada do Coaching de Carreira, voltado exclusivamente para pessoas que querem definir qual carreira seguir ou aumentar a clareza de seus objetivos profissionais. O processo de Coaching Vocacional oferece ao cliente a oportunidade de desenvolver uma a\u00e7\u00e3o cr\u00edtica e reflexiva, a fim de realizar [&hellip;]<\/p>\n","protected":false},"author":1,"featured_media":0,"parent":43,"menu_order":0,"comment_status":"closed","ping_status":"closed","template":"page-servico.php","meta":[],"_links":{"self":[{"href":"https:\/\/johariconsultoria.com.br\/index.php\/wp-json\/wp\/v2\/pages\/322"}],"collection":[{"href":"https:\/\/johariconsultoria.com.br\/index.php\/wp-json\/wp\/v2\/pages"}],"about":[{"href":"https:\/\/johariconsultoria.com.br\/index.php\/wp-json\/wp\/v2\/types\/page"}],"author":[{"embeddable":true,"href":"https:\/\/johariconsultoria.com.br\/index.php\/wp-json\/wp\/v2\/users\/1"}],"replies":[{"embeddable":true,"href":"https:\/\/johariconsultoria.com.br\/index.php\/wp-json\/wp\/v2\/comments?post=322"}],"version-history":[{"count":4,"href":"https:\/\/johariconsultoria.com.br\/index.php\/wp-json\/wp\/v2\/pages\/322\/revisions"}],"predecessor-version":[{"id":489,"href":"https:\/\/johariconsultoria.com.br\/index.php\/wp-json\/wp\/v2\/pages\/322\/revisions\/489"}],"up":[{"embeddable":true,"href":"https:\/\/johariconsultoria.com.br\/index.php\/wp-json\/wp\/v2\/pages\/43"}],"wp:attachment":[{"href":"https:\/\/johariconsultoria.com.br\/index.php\/wp-json\/wp\/v2\/media?parent=322"}],"curies":[{"name":"wp","href":"https:\/\/api.w.org\/{rel}","templated":true}]}}