
{"id":325,"date":"2018-01-24T09:24:23","date_gmt":"2018-01-24T11:24:23","guid":{"rendered":"http:\/\/fgholding.com.br\/johari\/?page_id=325"},"modified":"2018-05-14T16:24:07","modified_gmt":"2018-05-14T19:24:07","slug":"mapa-de-estilo-de-comunicacao","status":"publish","type":"page","link":"https:\/\/johariconsultoria.com.br\/index.php\/servicos\/encontrar-uma-vocacao\/mapa-de-estilo-de-comunicacao\/","title":{"rendered":"Mapa de Estilo de Comunica\u00e7\u00e3o"},"content":{"rendered":"<p>Saber se comunicar com efic\u00e1cia, passando credibilidade e de forma clara \u00e9 essencial para garantir o sucesso em qualquer \u00e1rea da vida, especialmente daqueles que ambicionam liderar equipes e ocupar posi\u00e7\u00f5es de gest\u00e3o, seja em uma empresa, comunidade ou at\u00e9 mesmo no seu condom\u00ednio.<\/p>\n<p>O <strong>Mapa de Estilo de Comunica\u00e7\u00e3o <\/strong>\u00e9 uma t\u00e9cnica muito requisitada nos dias atuais. Por meio de leitura detalhada do estilo de comunica\u00e7\u00e3o de cada pessoa, identificamos como cada indiv\u00edduo faz uso da comunica\u00e7\u00e3o para ampliar o seu autoconhecimento e atingir resultados.<\/p>\n<p><img loading=\"lazy\" src=\"\/wp-content\/uploads\/2018\/02\/MAPA-DE-COMUNICACAO.png\" alt=\"Mapa de Comunica\u00e7\u00e3o\" width=\"935\" height=\"458\" class=\"alignnone size-full wp-image-479\" srcset=\"https:\/\/johariconsultoria.com.br\/wp-content\/uploads\/2018\/02\/MAPA-DE-COMUNICACAO.png 935w, https:\/\/johariconsultoria.com.br\/wp-content\/uploads\/2018\/02\/MAPA-DE-COMUNICACAO-300x147.png 300w, https:\/\/johariconsultoria.com.br\/wp-content\/uploads\/2018\/02\/MAPA-DE-COMUNICACAO-768x376.png 768w\" sizes=\"(max-width: 935px) 100vw, 935px\" \/><\/p>\n","protected":false},"excerpt":{"rendered":"<p>Saber se comunicar com efic\u00e1cia, passando credibilidade e de forma clara \u00e9 essencial para garantir o sucesso em qualquer \u00e1rea da vida, especialmente daqueles que ambicionam liderar equipes e ocupar posi\u00e7\u00f5es de gest\u00e3o, seja em uma empresa, comunidade ou at\u00e9 mesmo no seu condom\u00ednio. O Mapa de Estilo de Comunica\u00e7\u00e3o \u00e9 uma t\u00e9cnica muito requisitada [&hellip;]<\/p>\n","protected":false},"author":1,"featured_media":0,"parent":43,"menu_order":0,"comment_status":"closed","ping_status":"closed","template":"page-servico.php","meta":[],"_links":{"self":[{"href":"https:\/\/johariconsultoria.com.br\/index.php\/wp-json\/wp\/v2\/pages\/325"}],"collection":[{"href":"https:\/\/johariconsultoria.com.br\/index.php\/wp-json\/wp\/v2\/pages"}],"about":[{"href":"https:\/\/johariconsultoria.com.br\/index.php\/wp-json\/wp\/v2\/types\/page"}],"author":[{"embeddable":true,"href":"https:\/\/johariconsultoria.com.br\/index.php\/wp-json\/wp\/v2\/users\/1"}],"replies":[{"embeddable":true,"href":"https:\/\/johariconsultoria.com.br\/index.php\/wp-json\/wp\/v2\/comments?post=325"}],"version-history":[{"count":5,"href":"https:\/\/johariconsultoria.com.br\/index.php\/wp-json\/wp\/v2\/pages\/325\/revisions"}],"predecessor-version":[{"id":651,"href":"https:\/\/johariconsultoria.com.br\/index.php\/wp-json\/wp\/v2\/pages\/325\/revisions\/651"}],"up":[{"embeddable":true,"href":"https:\/\/johariconsultoria.com.br\/index.php\/wp-json\/wp\/v2\/pages\/43"}],"wp:attachment":[{"href":"https:\/\/johariconsultoria.com.br\/index.php\/wp-json\/wp\/v2\/media?parent=325"}],"curies":[{"name":"wp","href":"https:\/\/api.w.org\/{rel}","templated":true}]}}