
{"id":331,"date":"2018-01-24T09:26:06","date_gmt":"2018-01-24T11:26:06","guid":{"rendered":"http:\/\/fgholding.com.br\/johari\/?page_id=331"},"modified":"2018-05-14T17:00:58","modified_gmt":"2018-05-14T20:00:58","slug":"mapa-vocacional","status":"publish","type":"page","link":"https:\/\/johariconsultoria.com.br\/index.php\/servicos\/encontrar-uma-vocacao\/mapa-vocacional\/","title":{"rendered":"Mapa Vocacional"},"content":{"rendered":"<p>Quer descobrir seus talentos e como utiliz\u00e1-los para ter uma vida pr\u00f3spera?<\/p>\n<p>Saiba qual carreira est\u00e1 alinhada aos seus dons e talentos. O <strong>Mapa Vocacional<\/strong> oferecido pela Johari auxilia voc\u00ea nessa descoberta, identificando suas compet\u00eancias naturais dentre os diferentes tipos de profiss\u00f5es, especialidades, cargos e fun\u00e7\u00f5es.\u00a0 E, principalmente, evidenciando que aspectos voc\u00ea pode melhorar.<\/p>\n<p>Desenvolvido pela Johari Consultoria, o <strong>Mapa Vocacional<\/strong> n\u00e3o se trata de um instrumento comum, mas sim de um m\u00e9todo fundamentado por uma leitura comportamental e psicol\u00f3gica, que identifica talentos, prefer\u00eancias, afinidades e habilidades, facilitando no autoconhecimento para o planejamento de uma futura escolha profissional.<\/p>\n<p><img loading=\"lazy\" src=\"\/wp-content\/uploads\/2018\/02\/MAPA-VOCACIONAL.png\" alt=\"\" width=\"935\" height=\"364\" class=\"alignnone size-full wp-image-490\" srcset=\"https:\/\/johariconsultoria.com.br\/wp-content\/uploads\/2018\/02\/MAPA-VOCACIONAL.png 935w, https:\/\/johariconsultoria.com.br\/wp-content\/uploads\/2018\/02\/MAPA-VOCACIONAL-300x117.png 300w, https:\/\/johariconsultoria.com.br\/wp-content\/uploads\/2018\/02\/MAPA-VOCACIONAL-768x299.png 768w\" sizes=\"(max-width: 935px) 100vw, 935px\" \/><\/p>\n","protected":false},"excerpt":{"rendered":"<p>Quer descobrir seus talentos e como utiliz\u00e1-los para ter uma vida pr\u00f3spera? Saiba qual carreira est\u00e1 alinhada aos seus dons e talentos. O Mapa Vocacional oferecido pela Johari auxilia voc\u00ea nessa descoberta, identificando suas compet\u00eancias naturais dentre os diferentes tipos de profiss\u00f5es, especialidades, cargos e fun\u00e7\u00f5es.\u00a0 E, principalmente, evidenciando que aspectos voc\u00ea pode melhorar. Desenvolvido [&hellip;]<\/p>\n","protected":false},"author":1,"featured_media":0,"parent":43,"menu_order":0,"comment_status":"closed","ping_status":"closed","template":"page-servico.php","meta":[],"_links":{"self":[{"href":"https:\/\/johariconsultoria.com.br\/index.php\/wp-json\/wp\/v2\/pages\/331"}],"collection":[{"href":"https:\/\/johariconsultoria.com.br\/index.php\/wp-json\/wp\/v2\/pages"}],"about":[{"href":"https:\/\/johariconsultoria.com.br\/index.php\/wp-json\/wp\/v2\/types\/page"}],"author":[{"embeddable":true,"href":"https:\/\/johariconsultoria.com.br\/index.php\/wp-json\/wp\/v2\/users\/1"}],"replies":[{"embeddable":true,"href":"https:\/\/johariconsultoria.com.br\/index.php\/wp-json\/wp\/v2\/comments?post=331"}],"version-history":[{"count":7,"href":"https:\/\/johariconsultoria.com.br\/index.php\/wp-json\/wp\/v2\/pages\/331\/revisions"}],"predecessor-version":[{"id":653,"href":"https:\/\/johariconsultoria.com.br\/index.php\/wp-json\/wp\/v2\/pages\/331\/revisions\/653"}],"up":[{"embeddable":true,"href":"https:\/\/johariconsultoria.com.br\/index.php\/wp-json\/wp\/v2\/pages\/43"}],"wp:attachment":[{"href":"https:\/\/johariconsultoria.com.br\/index.php\/wp-json\/wp\/v2\/media?parent=331"}],"curies":[{"name":"wp","href":"https:\/\/api.w.org\/{rel}","templated":true}]}}