
{"id":337,"date":"2018-01-24T09:27:55","date_gmt":"2018-01-24T11:27:55","guid":{"rendered":"http:\/\/fgholding.com.br\/johari\/?page_id=337"},"modified":"2018-04-19T17:32:40","modified_gmt":"2018-04-19T20:32:40","slug":"coaching-empreendedores","status":"publish","type":"page","link":"https:\/\/johariconsultoria.com.br\/index.php\/servicos\/quero-ser-um-grande-lider\/coaching-empreendedores\/","title":{"rendered":"Coaching para Empreendedores"},"content":{"rendered":"<p>Voc\u00ea se sente confort\u00e1vel com a ideia de trocar a seguran\u00e7a pelo risco?<\/p>\n<p>Para se conhecer bem, descobrir qual \u00e9 realmente o seu sonho e como voc\u00ea pode realiz\u00e1-lo, conhe\u00e7a o nosso servi\u00e7o de <strong>Coaching para Empreendedores<\/strong>. O processo de <strong>Coaching para Empreendedores<\/strong> tem como objetivo desenvolver e aprimorar as compet\u00eancias essenciais para quem \u00e9 empreendedor ou deseja desenvolver habilidades espec\u00edficas para lidar com mundo dos neg\u00f3cios.<\/p>\n<p>Com essa estrat\u00e9gia voc\u00ea adquire condi\u00e7\u00f5es de identificar as mudan\u00e7as e o surgimento de novas oportunidades e assim transformando-as em resultados para o seu neg\u00f3cio. O processo tamb\u00e9m pode proporcionar autoconhecimento que te ajudar\u00e1 a conhecer melhor as suas for\u00e7as e tirar proveito delas em prol de seus neg\u00f3cios.<\/p>\n<p><img loading=\"lazy\" src=\"\/wp-content\/uploads\/2018\/02\/COACHING-EMPREENDEDOR.png\" alt=\"\" width=\"935\" height=\"442\" class=\"alignnone size-full wp-image-481\" srcset=\"https:\/\/johariconsultoria.com.br\/wp-content\/uploads\/2018\/02\/COACHING-EMPREENDEDOR.png 935w, https:\/\/johariconsultoria.com.br\/wp-content\/uploads\/2018\/02\/COACHING-EMPREENDEDOR-300x142.png 300w, https:\/\/johariconsultoria.com.br\/wp-content\/uploads\/2018\/02\/COACHING-EMPREENDEDOR-768x363.png 768w\" sizes=\"(max-width: 935px) 100vw, 935px\" \/><\/p>\n","protected":false},"excerpt":{"rendered":"<p>Voc\u00ea se sente confort\u00e1vel com a ideia de trocar a seguran\u00e7a pelo risco? Para se conhecer bem, descobrir qual \u00e9 realmente o seu sonho e como voc\u00ea pode realiz\u00e1-lo, conhe\u00e7a o nosso servi\u00e7o de Coaching para Empreendedores. O processo de Coaching para Empreendedores tem como objetivo desenvolver e aprimorar as compet\u00eancias essenciais para quem \u00e9 [&hellip;]<\/p>\n","protected":false},"author":1,"featured_media":0,"parent":47,"menu_order":0,"comment_status":"closed","ping_status":"closed","template":"page-servico.php","meta":[],"_links":{"self":[{"href":"https:\/\/johariconsultoria.com.br\/index.php\/wp-json\/wp\/v2\/pages\/337"}],"collection":[{"href":"https:\/\/johariconsultoria.com.br\/index.php\/wp-json\/wp\/v2\/pages"}],"about":[{"href":"https:\/\/johariconsultoria.com.br\/index.php\/wp-json\/wp\/v2\/types\/page"}],"author":[{"embeddable":true,"href":"https:\/\/johariconsultoria.com.br\/index.php\/wp-json\/wp\/v2\/users\/1"}],"replies":[{"embeddable":true,"href":"https:\/\/johariconsultoria.com.br\/index.php\/wp-json\/wp\/v2\/comments?post=337"}],"version-history":[{"count":4,"href":"https:\/\/johariconsultoria.com.br\/index.php\/wp-json\/wp\/v2\/pages\/337\/revisions"}],"predecessor-version":[{"id":626,"href":"https:\/\/johariconsultoria.com.br\/index.php\/wp-json\/wp\/v2\/pages\/337\/revisions\/626"}],"up":[{"embeddable":true,"href":"https:\/\/johariconsultoria.com.br\/index.php\/wp-json\/wp\/v2\/pages\/47"}],"wp:attachment":[{"href":"https:\/\/johariconsultoria.com.br\/index.php\/wp-json\/wp\/v2\/media?parent=337"}],"curies":[{"name":"wp","href":"https:\/\/api.w.org\/{rel}","templated":true}]}}