
{"id":361,"date":"2018-01-24T09:39:27","date_gmt":"2018-01-24T11:39:27","guid":{"rendered":"http:\/\/fgholding.com.br\/johari\/?page_id=361"},"modified":"2018-02-27T16:54:58","modified_gmt":"2018-02-27T19:54:58","slug":"oficina-entre-elas","status":"publish","type":"page","link":"https:\/\/johariconsultoria.com.br\/index.php\/servicos\/coaching-para-mulheres\/oficina-entre-elas\/","title":{"rendered":"Oficina Entre Elas"},"content":{"rendered":"<p>Descubra como equilibrar seus pap\u00e9is e viver com um prop\u00f3sito. \u200b<\/p>\n<p>N\u00f3s sabemos, o dia a dia \u00e9 uma correria, s\u00e3o tantas responsabilidades que, muitas vezes, perdemos o nosso referencial. Por isso, a <strong>Oficina Entre Elas <\/strong>foi criada para ajudar e inspirar mulheres no equil\u00edbrio dos seus pap\u00e9is profissionais e pessoais para que, assim, sejam as protagonistas das suas vidas.<\/p>\n<p>Foi a partir dessa leitura que criamos esse projeto, que visa trabalhar o desenvolvimento pessoal da mulher com base nos m\u00faltiplos pap\u00e9is com o intuito de alcan\u00e7ar o equil\u00edbrio de for\u00e7as internas e externas. Com contribui\u00e7\u00e3o da <strong>Psicologia Positiva<\/strong>, <strong>Coaching<\/strong>, <strong>Neuroci\u00eancia<\/strong> e da <strong>Psicologia do Desenvolvimento<\/strong>, trabalhamos em cada encontro temas como: autoconhecimento, autoestima, intelig\u00eancia emocional, autolideran\u00e7a, coaching, relacionamentos, carreira, empreendedorismo e demais \u00e1reas da vida da mulher.<\/p>\n<p><img loading=\"lazy\" src=\"\/wp-content\/uploads\/2018\/02\/OFICINA-ENTRE-ELAS.png\" alt=\"\" width=\"935\" height=\"311\" class=\"alignnone size-full wp-image-516\" srcset=\"https:\/\/johariconsultoria.com.br\/wp-content\/uploads\/2018\/02\/OFICINA-ENTRE-ELAS.png 935w, https:\/\/johariconsultoria.com.br\/wp-content\/uploads\/2018\/02\/OFICINA-ENTRE-ELAS-300x100.png 300w, https:\/\/johariconsultoria.com.br\/wp-content\/uploads\/2018\/02\/OFICINA-ENTRE-ELAS-768x255.png 768w\" sizes=\"(max-width: 935px) 100vw, 935px\" \/><\/p>\n","protected":false},"excerpt":{"rendered":"<p>Descubra como equilibrar seus pap\u00e9is e viver com um prop\u00f3sito. \u200b N\u00f3s sabemos, o dia a dia \u00e9 uma correria, s\u00e3o tantas responsabilidades que, muitas vezes, perdemos o nosso referencial. Por isso, a Oficina Entre Elas foi criada para ajudar e inspirar mulheres no equil\u00edbrio dos seus pap\u00e9is profissionais e pessoais para que, assim, sejam [&hellip;]<\/p>\n","protected":false},"author":1,"featured_media":0,"parent":41,"menu_order":0,"comment_status":"closed","ping_status":"closed","template":"page-servico.php","meta":[],"_links":{"self":[{"href":"https:\/\/johariconsultoria.com.br\/index.php\/wp-json\/wp\/v2\/pages\/361"}],"collection":[{"href":"https:\/\/johariconsultoria.com.br\/index.php\/wp-json\/wp\/v2\/pages"}],"about":[{"href":"https:\/\/johariconsultoria.com.br\/index.php\/wp-json\/wp\/v2\/types\/page"}],"author":[{"embeddable":true,"href":"https:\/\/johariconsultoria.com.br\/index.php\/wp-json\/wp\/v2\/users\/1"}],"replies":[{"embeddable":true,"href":"https:\/\/johariconsultoria.com.br\/index.php\/wp-json\/wp\/v2\/comments?post=361"}],"version-history":[{"count":4,"href":"https:\/\/johariconsultoria.com.br\/index.php\/wp-json\/wp\/v2\/pages\/361\/revisions"}],"predecessor-version":[{"id":517,"href":"https:\/\/johariconsultoria.com.br\/index.php\/wp-json\/wp\/v2\/pages\/361\/revisions\/517"}],"up":[{"embeddable":true,"href":"https:\/\/johariconsultoria.com.br\/index.php\/wp-json\/wp\/v2\/pages\/41"}],"wp:attachment":[{"href":"https:\/\/johariconsultoria.com.br\/index.php\/wp-json\/wp\/v2\/media?parent=361"}],"curies":[{"name":"wp","href":"https:\/\/api.w.org\/{rel}","templated":true}]}}