
{"id":364,"date":"2018-01-24T09:40:11","date_gmt":"2018-01-24T11:40:11","guid":{"rendered":"http:\/\/fgholding.com.br\/johari\/?page_id=364"},"modified":"2020-08-24T18:42:55","modified_gmt":"2020-08-24T21:42:55","slug":"jornada-do-valor-pessoal-da-mulher","status":"publish","type":"page","link":"https:\/\/johariconsultoria.com.br\/index.php\/servicos\/coaching-para-mulheres\/jornada-do-valor-pessoal-da-mulher\/","title":{"rendered":"Jornada do Valor Pessoal da Mulher"},"content":{"rendered":"<p><strong>Qual \u00e9 o seu valor pessoal como Mulher?<\/strong><\/p>\n<p>Seu valor pessoal est\u00e1 nos pap\u00e9is que voc\u00ea elege como priorit\u00e1rios para realizar seus sonhos, seja ter reconhecimento social, pessoal ou profissional. Quando exercemos os pap\u00e9is que s\u00e3o realmente importantes para n\u00f3s, mulheres, conquistamos e atra\u00edmos oportunidades, sucesso e for\u00e7a para lidar com as adversidades. Estamos presenciando um mundo com os olhos e ouvidos voltados para n\u00f3s. E, mesmo assim, muitas ainda exercem a\u00e7\u00f5es que n\u00e3o representam o seu real valor pessoal para a hist\u00f3ria que se deseja escrever.<\/p>\n<p>Por isso, pensando em auxiliar as mulheres diante dessas quest\u00f5es foi criado o <strong>Jornada<\/strong>\u00a0<strong>do Valor Pessoal da Mulher<\/strong>\u00a0que ajuda no processo de autoconhecimento e melhor gest\u00e3o dos m\u00faltiplos pap\u00e9is que exercemos num contexto de grandes desafios e exig\u00eancias de uma sociedade com conceitos preconceituosos. Voc\u00ea, mulher, pode alcan\u00e7ar o que quiser e definir onde quer chegar, explorar suas possibilidades e viver o seu protagonismo.<\/p>\n<p><img loading=\"lazy\" class=\"alignnone size-full wp-image-514\" src=\"\/wp-content\/uploads\/2018\/02\/COACHING-DE-VALOR-PESSOAL-PARA-MULHERES.png\" alt=\"\" width=\"935\" height=\"311\" srcset=\"https:\/\/johariconsultoria.com.br\/wp-content\/uploads\/2018\/02\/COACHING-DE-VALOR-PESSOAL-PARA-MULHERES.png 935w, https:\/\/johariconsultoria.com.br\/wp-content\/uploads\/2018\/02\/COACHING-DE-VALOR-PESSOAL-PARA-MULHERES-300x100.png 300w, https:\/\/johariconsultoria.com.br\/wp-content\/uploads\/2018\/02\/COACHING-DE-VALOR-PESSOAL-PARA-MULHERES-768x255.png 768w\" sizes=\"(max-width: 935px) 100vw, 935px\" \/><\/p>\n","protected":false},"excerpt":{"rendered":"<p>Qual \u00e9 o seu valor pessoal como Mulher? Seu valor pessoal est\u00e1 nos pap\u00e9is que voc\u00ea elege como priorit\u00e1rios para realizar seus sonhos, seja ter reconhecimento social, pessoal ou profissional. Quando exercemos os pap\u00e9is que s\u00e3o realmente importantes para n\u00f3s, mulheres, conquistamos e atra\u00edmos oportunidades, sucesso e for\u00e7a para lidar com as adversidades. Estamos presenciando [&hellip;]<\/p>\n","protected":false},"author":1,"featured_media":0,"parent":41,"menu_order":0,"comment_status":"closed","ping_status":"closed","template":"page-servico.php","meta":[],"_links":{"self":[{"href":"https:\/\/johariconsultoria.com.br\/index.php\/wp-json\/wp\/v2\/pages\/364"}],"collection":[{"href":"https:\/\/johariconsultoria.com.br\/index.php\/wp-json\/wp\/v2\/pages"}],"about":[{"href":"https:\/\/johariconsultoria.com.br\/index.php\/wp-json\/wp\/v2\/types\/page"}],"author":[{"embeddable":true,"href":"https:\/\/johariconsultoria.com.br\/index.php\/wp-json\/wp\/v2\/users\/1"}],"replies":[{"embeddable":true,"href":"https:\/\/johariconsultoria.com.br\/index.php\/wp-json\/wp\/v2\/comments?post=364"}],"version-history":[{"count":7,"href":"https:\/\/johariconsultoria.com.br\/index.php\/wp-json\/wp\/v2\/pages\/364\/revisions"}],"predecessor-version":[{"id":951,"href":"https:\/\/johariconsultoria.com.br\/index.php\/wp-json\/wp\/v2\/pages\/364\/revisions\/951"}],"up":[{"embeddable":true,"href":"https:\/\/johariconsultoria.com.br\/index.php\/wp-json\/wp\/v2\/pages\/41"}],"wp:attachment":[{"href":"https:\/\/johariconsultoria.com.br\/index.php\/wp-json\/wp\/v2\/media?parent=364"}],"curies":[{"name":"wp","href":"https:\/\/api.w.org\/{rel}","templated":true}]}}