
{"id":373,"date":"2018-01-24T09:42:46","date_gmt":"2018-01-24T11:42:46","guid":{"rendered":"http:\/\/fgholding.com.br\/johari\/?page_id=373"},"modified":"2018-04-20T12:12:09","modified_gmt":"2018-04-20T15:12:09","slug":"avaliacao-psicologica","status":"publish","type":"page","link":"https:\/\/johariconsultoria.com.br\/index.php\/servicos\/autoconhecimento\/avaliacao-psicologica\/","title":{"rendered":"Avalia\u00e7\u00e3o Psicol\u00f3gica"},"content":{"rendered":"<p><strong>As avalia\u00e7\u00f5es comportamentais ganham espa\u00e7o.<\/strong><\/p>\n<p>Sabemos que as avalia\u00e7\u00f5es comportamentais ganharam grande espa\u00e7o nos \u00faltimos anos, entretanto, quando existe a necessidade de avalia\u00e7\u00f5es mais profundas e especializadas, somente os <strong>testes<\/strong> e <strong>instrumentos psicol\u00f3gicos<\/strong> podem responder a perguntas com rela\u00e7\u00e3o \u00e0 estrutura de personalidade, estabilidade, resili\u00eancia, autoconhecimento, autocontrole e fun\u00e7\u00f5es cognitivas. <\/p>\n<p>Na Johari combinamos nossa forma\u00e7\u00e3o como Psic\u00f3logas, profissionais que atuam na \u00e1rea cl\u00ednica e a expertise em <strong>gest\u00e3o de pessoas<\/strong> para leitura mais qualificada, \u00e9tica, transpar\u00eancia e com instrumentos cient\u00edficos e v\u00e1lidos para apoiar decis\u00f5es de sele\u00e7\u00e3o interna e externa nas organiza\u00e7\u00f5es. <\/p>\n<p><img loading=\"lazy\" src=\"\/wp-content\/uploads\/2018\/03\/avaliacao-psicologica.png\" alt=\"\" width=\"935\" height=\"311\" class=\"alignnone size-full wp-image-567\" \/><\/p>\n","protected":false},"excerpt":{"rendered":"<p>As avalia\u00e7\u00f5es comportamentais ganham espa\u00e7o. Sabemos que as avalia\u00e7\u00f5es comportamentais ganharam grande espa\u00e7o nos \u00faltimos anos, entretanto, quando existe a necessidade de avalia\u00e7\u00f5es mais profundas e especializadas, somente os testes e instrumentos psicol\u00f3gicos podem responder a perguntas com rela\u00e7\u00e3o \u00e0 estrutura de personalidade, estabilidade, resili\u00eancia, autoconhecimento, autocontrole e fun\u00e7\u00f5es cognitivas. Na Johari combinamos nossa forma\u00e7\u00e3o [&hellip;]<\/p>\n","protected":false},"author":1,"featured_media":0,"parent":39,"menu_order":0,"comment_status":"closed","ping_status":"closed","template":"page-servico.php","meta":[],"_links":{"self":[{"href":"https:\/\/johariconsultoria.com.br\/index.php\/wp-json\/wp\/v2\/pages\/373"}],"collection":[{"href":"https:\/\/johariconsultoria.com.br\/index.php\/wp-json\/wp\/v2\/pages"}],"about":[{"href":"https:\/\/johariconsultoria.com.br\/index.php\/wp-json\/wp\/v2\/types\/page"}],"author":[{"embeddable":true,"href":"https:\/\/johariconsultoria.com.br\/index.php\/wp-json\/wp\/v2\/users\/1"}],"replies":[{"embeddable":true,"href":"https:\/\/johariconsultoria.com.br\/index.php\/wp-json\/wp\/v2\/comments?post=373"}],"version-history":[{"count":5,"href":"https:\/\/johariconsultoria.com.br\/index.php\/wp-json\/wp\/v2\/pages\/373\/revisions"}],"predecessor-version":[{"id":975,"href":"https:\/\/johariconsultoria.com.br\/index.php\/wp-json\/wp\/v2\/pages\/373\/revisions\/975"}],"up":[{"embeddable":true,"href":"https:\/\/johariconsultoria.com.br\/index.php\/wp-json\/wp\/v2\/pages\/39"}],"wp:attachment":[{"href":"https:\/\/johariconsultoria.com.br\/index.php\/wp-json\/wp\/v2\/media?parent=373"}],"curies":[{"name":"wp","href":"https:\/\/api.w.org\/{rel}","templated":true}]}}