
{"id":375,"date":"2018-01-24T09:43:37","date_gmt":"2018-01-24T11:43:37","guid":{"rendered":"http:\/\/fgholding.com.br\/johari\/?page_id=375"},"modified":"2018-01-30T11:55:31","modified_gmt":"2018-01-30T13:55:31","slug":"life-coaching","status":"publish","type":"page","link":"https:\/\/johariconsultoria.com.br\/index.php\/servicos\/autoconhecimento\/life-coaching\/","title":{"rendered":"Life Coaching"},"content":{"rendered":"<p>Voc\u00ea busca crescimento pessoal e profissional? Ent\u00e3o est\u00e1 no lugar certo.<\/p>\n<p>O foco do <strong>Life Coaching<\/strong> \u00e9 o indiv\u00edduo, ou seja, a pessoa que busca superar obst\u00e1culos, realizar sonhos, viver melhor e que est\u00e1 disposto a se comprometer para chegar l\u00e1. Na Johari atuamos com Life Coaching para as pessoas que buscam: melhoria no relacionamento, trabalhar a autoestima, obter autoconhecimento, melhor carreira, desenvolver compet\u00eancias e lideran\u00e7a, al\u00e9m de te prepara para ser um Coach Profissional, evidenciando sua voca\u00e7\u00e3o e defini\u00e7\u00e3o de metas e projetos de vida.<\/p>\n<p><img loading=\"lazy\" class=\"alignnone size-full wp-image-376\" src=\"http:\/\/fgholding.com.br\/johari\/wp-content\/uploads\/2018\/01\/life-coaching.png\" alt=\"\" width=\"935\" height=\"311\" srcset=\"https:\/\/johariconsultoria.com.br\/wp-content\/uploads\/2018\/01\/life-coaching.png 935w, https:\/\/johariconsultoria.com.br\/wp-content\/uploads\/2018\/01\/life-coaching-300x100.png 300w, https:\/\/johariconsultoria.com.br\/wp-content\/uploads\/2018\/01\/life-coaching-768x255.png 768w\" sizes=\"(max-width: 935px) 100vw, 935px\" \/><\/p>\n","protected":false},"excerpt":{"rendered":"<p>Voc\u00ea busca crescimento pessoal e profissional? Ent\u00e3o est\u00e1 no lugar certo. O foco do Life Coaching \u00e9 o indiv\u00edduo, ou seja, a pessoa que busca superar obst\u00e1culos, realizar sonhos, viver melhor e que est\u00e1 disposto a se comprometer para chegar l\u00e1. Na Johari atuamos com Life Coaching para as pessoas que buscam: melhoria no relacionamento, [&hellip;]<\/p>\n","protected":false},"author":1,"featured_media":0,"parent":39,"menu_order":0,"comment_status":"closed","ping_status":"closed","template":"page-servico.php","meta":[],"_links":{"self":[{"href":"https:\/\/johariconsultoria.com.br\/index.php\/wp-json\/wp\/v2\/pages\/375"}],"collection":[{"href":"https:\/\/johariconsultoria.com.br\/index.php\/wp-json\/wp\/v2\/pages"}],"about":[{"href":"https:\/\/johariconsultoria.com.br\/index.php\/wp-json\/wp\/v2\/types\/page"}],"author":[{"embeddable":true,"href":"https:\/\/johariconsultoria.com.br\/index.php\/wp-json\/wp\/v2\/users\/1"}],"replies":[{"embeddable":true,"href":"https:\/\/johariconsultoria.com.br\/index.php\/wp-json\/wp\/v2\/comments?post=375"}],"version-history":[{"count":3,"href":"https:\/\/johariconsultoria.com.br\/index.php\/wp-json\/wp\/v2\/pages\/375\/revisions"}],"predecessor-version":[{"id":415,"href":"https:\/\/johariconsultoria.com.br\/index.php\/wp-json\/wp\/v2\/pages\/375\/revisions\/415"}],"up":[{"embeddable":true,"href":"https:\/\/johariconsultoria.com.br\/index.php\/wp-json\/wp\/v2\/pages\/39"}],"wp:attachment":[{"href":"https:\/\/johariconsultoria.com.br\/index.php\/wp-json\/wp\/v2\/media?parent=375"}],"curies":[{"name":"wp","href":"https:\/\/api.w.org\/{rel}","templated":true}]}}