
{"id":41,"date":"2017-11-29T15:10:30","date_gmt":"2017-11-29T17:10:30","guid":{"rendered":"http:\/\/fgholding.com.br\/johari\/?page_id=41"},"modified":"2020-08-24T18:40:49","modified_gmt":"2020-08-24T21:40:49","slug":"coaching-para-mulheres","status":"publish","type":"page","link":"https:\/\/johariconsultoria.com.br\/index.php\/servicos\/coaching-para-mulheres\/","title":{"rendered":"Coaching para Mulheres"},"content":{"rendered":"<p>Voc\u00ea, mulher, que acumula fun\u00e7\u00f5es, seja em casa ou no ambiente de trabalho e muitas vezes se coloca em segundo lugar, sem tempo para realizar os seus pr\u00f3prios planos. Ent\u00e3o, a <strong>Oficina Entre Elas<\/strong>\u00a0e a J<strong>ornada de Valor Pessoal da Mulheres<\/strong>\u00a0podem ajudar voc\u00ea.<\/p>\n<p>Desenvolvido pela Johari especialmente para mulheres que acumulam fun\u00e7\u00f5es e pap\u00e9is, na\u00a0<strong>Oficina Entre Elas<\/strong>\u00a0e na <strong>Jornada do Valor Pessoal da Mulher<\/strong> utilizamos t\u00e9cnicas e que ajudam as mulheres na tarefa de administrar a sua vida do melhor jeito poss\u00edvel.<\/p>\n<p>Nosso m\u00e9todo tem foco no <strong>empoderamento feminino<\/strong>\u00a0ajudando mulher a empreender na vida utilizando seus talentos e for\u00e7as pessoais na vida pessoal e profissional.<\/p>\n<p>Fundamentado na <strong>psicologia do desenvolvimento<\/strong> e na<strong> psicologia positiva<\/strong> apoia escolhas para uma vida com prop\u00f3sito, pautada em atitudes conscientes, resultados significativos e consequentemente maior bem estar.<\/p>\n<p>&#8220;<em>Ser Feliz \u00e9 deixar de ser v\u00edtima dos problemas e se tornar uma autor da pr\u00f3pria hist\u00f3ria. \u00c9 saber falar de si mesmo. \u00c9 n\u00e3o ter medo dos pr\u00f3prios sentimentos<\/em>.&#8221; Fernando Pessoa<\/p>\n","protected":false},"excerpt":{"rendered":"<p>Voc\u00ea, mulher, que acumula fun\u00e7\u00f5es, seja em casa ou no ambiente de trabalho e muitas vezes se coloca em segundo lugar, sem tempo para realizar os seus pr\u00f3prios planos. Ent\u00e3o, a Oficina Entre Elas\u00a0e a Jornada de Valor Pessoal da Mulheres\u00a0podem ajudar voc\u00ea. Desenvolvido pela Johari especialmente para mulheres que acumulam fun\u00e7\u00f5es e pap\u00e9is, na\u00a0Oficina [&hellip;]<\/p>\n","protected":false},"author":1,"featured_media":0,"parent":37,"menu_order":5,"comment_status":"closed","ping_status":"closed","template":"page-servicos.php","meta":[],"_links":{"self":[{"href":"https:\/\/johariconsultoria.com.br\/index.php\/wp-json\/wp\/v2\/pages\/41"}],"collection":[{"href":"https:\/\/johariconsultoria.com.br\/index.php\/wp-json\/wp\/v2\/pages"}],"about":[{"href":"https:\/\/johariconsultoria.com.br\/index.php\/wp-json\/wp\/v2\/types\/page"}],"author":[{"embeddable":true,"href":"https:\/\/johariconsultoria.com.br\/index.php\/wp-json\/wp\/v2\/users\/1"}],"replies":[{"embeddable":true,"href":"https:\/\/johariconsultoria.com.br\/index.php\/wp-json\/wp\/v2\/comments?post=41"}],"version-history":[{"count":14,"href":"https:\/\/johariconsultoria.com.br\/index.php\/wp-json\/wp\/v2\/pages\/41\/revisions"}],"predecessor-version":[{"id":950,"href":"https:\/\/johariconsultoria.com.br\/index.php\/wp-json\/wp\/v2\/pages\/41\/revisions\/950"}],"up":[{"embeddable":true,"href":"https:\/\/johariconsultoria.com.br\/index.php\/wp-json\/wp\/v2\/pages\/37"}],"wp:attachment":[{"href":"https:\/\/johariconsultoria.com.br\/index.php\/wp-json\/wp\/v2\/media?parent=41"}],"curies":[{"name":"wp","href":"https:\/\/api.w.org\/{rel}","templated":true}]}}