
{"id":43,"date":"2017-11-29T15:10:48","date_gmt":"2017-11-29T17:10:48","guid":{"rendered":"http:\/\/fgholding.com.br\/johari\/?page_id=43"},"modified":"2020-05-02T13:14:38","modified_gmt":"2020-05-02T16:14:38","slug":"encontrar-uma-vocacao","status":"publish","type":"page","link":"https:\/\/johariconsultoria.com.br\/index.php\/servicos\/encontrar-uma-vocacao\/","title":{"rendered":"Encontrar uma voca\u00e7\u00e3o"},"content":{"rendered":"<p>Saber qual carreira seguir \u00e9 uma das decis\u00f5es mais dif\u00edceis da vida, isso se n\u00e3o for a mais dif\u00edcil. Muitas vezes, acreditamos ter encontrado a nossa profiss\u00e3o, mas com o passar do tempo descobrimos que ir atr\u00e1s de outros caminhos \u00e9 a melhor solu\u00e7\u00e3o. A <strong>voca\u00e7\u00e3o<\/strong> \u00e9 algo que pode nascer com determinado indiv\u00edduo ou ser descoberta ao decorrer dos anos, tudo depende de conhecer os seus pontos fortes e os pontos de melhoria.<\/p>\n<p>\u00c9 a\u00ed que o coach entra, muito mais que um simples profissional, ele \u00e9 um especialista que oferece o conhecimento ideal com o intuito de te preparar para vida. Por isso, se voc\u00ea est\u00e1 em d\u00favida em qual <strong>carreira<\/strong> seguir ou qual <strong>caminho<\/strong> trilhar na sua vida, n\u00e3o se preocupe, <strong>n\u00f3s ajudamos voc\u00ea<\/strong>.<\/p>\n","protected":false},"excerpt":{"rendered":"<p>Saber qual carreira seguir \u00e9 uma das decis\u00f5es mais dif\u00edceis da vida, isso se n\u00e3o for a mais dif\u00edcil. Muitas vezes, acreditamos ter encontrado a nossa profiss\u00e3o, mas com o passar do tempo descobrimos que ir atr\u00e1s de outros caminhos \u00e9 a melhor solu\u00e7\u00e3o. A voca\u00e7\u00e3o \u00e9 algo que pode nascer com determinado indiv\u00edduo ou [&hellip;]<\/p>\n","protected":false},"author":1,"featured_media":0,"parent":37,"menu_order":2,"comment_status":"closed","ping_status":"closed","template":"page-servicos.php","meta":[],"_links":{"self":[{"href":"https:\/\/johariconsultoria.com.br\/index.php\/wp-json\/wp\/v2\/pages\/43"}],"collection":[{"href":"https:\/\/johariconsultoria.com.br\/index.php\/wp-json\/wp\/v2\/pages"}],"about":[{"href":"https:\/\/johariconsultoria.com.br\/index.php\/wp-json\/wp\/v2\/types\/page"}],"author":[{"embeddable":true,"href":"https:\/\/johariconsultoria.com.br\/index.php\/wp-json\/wp\/v2\/users\/1"}],"replies":[{"embeddable":true,"href":"https:\/\/johariconsultoria.com.br\/index.php\/wp-json\/wp\/v2\/comments?post=43"}],"version-history":[{"count":10,"href":"https:\/\/johariconsultoria.com.br\/index.php\/wp-json\/wp\/v2\/pages\/43\/revisions"}],"predecessor-version":[{"id":885,"href":"https:\/\/johariconsultoria.com.br\/index.php\/wp-json\/wp\/v2\/pages\/43\/revisions\/885"}],"up":[{"embeddable":true,"href":"https:\/\/johariconsultoria.com.br\/index.php\/wp-json\/wp\/v2\/pages\/37"}],"wp:attachment":[{"href":"https:\/\/johariconsultoria.com.br\/index.php\/wp-json\/wp\/v2\/media?parent=43"}],"curies":[{"name":"wp","href":"https:\/\/api.w.org\/{rel}","templated":true}]}}