
{"id":49,"date":"2017-11-29T15:17:17","date_gmt":"2017-11-29T17:17:17","guid":{"rendered":"http:\/\/fgholding.com.br\/johari\/?page_id=49"},"modified":"2020-05-02T13:30:19","modified_gmt":"2020-05-02T16:30:19","slug":"gestao-de-pessoas-e-treinamento","status":"publish","type":"page","link":"https:\/\/johariconsultoria.com.br\/index.php\/servicos\/gestao-de-pessoas-e-treinamento\/","title":{"rendered":"Gest\u00e3o de Pessoas e Treinamento"},"content":{"rendered":"<p>Desenvolver o <strong>capital humano<\/strong> de uma empresa, \u00e9 a melhor estrat\u00e9gia que um l\u00edder ou gestor pode oferecer no seu ambiente de trabalho. As a\u00e7\u00f5es s\u00e3o exercidas desde a atra\u00e7\u00e3o dos melhores profissionais poss\u00edveis at\u00e9 a reten\u00e7\u00e3o e motiva\u00e7\u00e3o para desempenhar suas fun\u00e7\u00f5es.<\/p>\n<p>Por meio de <strong>servi\u00e7os personalizados<\/strong> trabalhamos com profissionais experientes e capacitadas que aplicam m\u00e9todos eficazes e completos de acordo com a necessidade da sua empresa. O intuito \u00e9 garantir o crescimento profissional e pessoal de cada indiv\u00edduo.<\/p>\n","protected":false},"excerpt":{"rendered":"<p>Desenvolver o capital humano de uma empresa, \u00e9 a melhor estrat\u00e9gia que um l\u00edder ou gestor pode oferecer no seu ambiente de trabalho. As a\u00e7\u00f5es s\u00e3o exercidas desde a atra\u00e7\u00e3o dos melhores profissionais poss\u00edveis at\u00e9 a reten\u00e7\u00e3o e motiva\u00e7\u00e3o para desempenhar suas fun\u00e7\u00f5es. Por meio de servi\u00e7os personalizados trabalhamos com profissionais experientes e capacitadas que [&hellip;]<\/p>\n","protected":false},"author":1,"featured_media":0,"parent":37,"menu_order":4,"comment_status":"closed","ping_status":"closed","template":"page-servicos.php","meta":[],"_links":{"self":[{"href":"https:\/\/johariconsultoria.com.br\/index.php\/wp-json\/wp\/v2\/pages\/49"}],"collection":[{"href":"https:\/\/johariconsultoria.com.br\/index.php\/wp-json\/wp\/v2\/pages"}],"about":[{"href":"https:\/\/johariconsultoria.com.br\/index.php\/wp-json\/wp\/v2\/types\/page"}],"author":[{"embeddable":true,"href":"https:\/\/johariconsultoria.com.br\/index.php\/wp-json\/wp\/v2\/users\/1"}],"replies":[{"embeddable":true,"href":"https:\/\/johariconsultoria.com.br\/index.php\/wp-json\/wp\/v2\/comments?post=49"}],"version-history":[{"count":12,"href":"https:\/\/johariconsultoria.com.br\/index.php\/wp-json\/wp\/v2\/pages\/49\/revisions"}],"predecessor-version":[{"id":871,"href":"https:\/\/johariconsultoria.com.br\/index.php\/wp-json\/wp\/v2\/pages\/49\/revisions\/871"}],"up":[{"embeddable":true,"href":"https:\/\/johariconsultoria.com.br\/index.php\/wp-json\/wp\/v2\/pages\/37"}],"wp:attachment":[{"href":"https:\/\/johariconsultoria.com.br\/index.php\/wp-json\/wp\/v2\/media?parent=49"}],"curies":[{"name":"wp","href":"https:\/\/api.w.org\/{rel}","templated":true}]}}