
{"id":763,"date":"2020-04-10T20:14:44","date_gmt":"2020-04-10T23:14:44","guid":{"rendered":"https:\/\/johariconsultoria.com.br\/?page_id=763"},"modified":"2020-04-12T00:52:19","modified_gmt":"2020-04-12T03:52:19","slug":"consultoria-em-psicologia-organizacional-positiva","status":"publish","type":"page","link":"https:\/\/johariconsultoria.com.br\/index.php\/servicos\/gestao-de-pessoas-e-treinamento\/consultoria-em-psicologia-organizacional-positiva\/","title":{"rendered":"Consultoria em Psicologia Organizacional Positiva"},"content":{"rendered":"<p>Com mais de 13 anos de experi\u00eancia na \u00e1rea nossos consultores s\u00e3o <strong>Psic\u00f3logos e Master Coaches<\/strong> especializados em aplicar as pr\u00e1ticas da <strong>psicologia organizacional positiva<\/strong> \u00e0 realidade de cada empresa, ajudando-as no desenvolvimento de seus l\u00edderes e equipes.<\/p>\n<p>Na <strong>Psicologia Positiva<\/strong> o foco est\u00e1 no desenvolvimento de pol\u00edticas, programas e pr\u00e1ticas, que possam contribuir para a melhoria do bem-estar e da felicidade dos seres humanos no trabalho e em outros espa\u00e7os de vida.<\/p>\n<p><a href=\"https:\/\/johariconsultoria.com.br\/index.php\/servicos\/gestao-de-pessoas-e-treinamento-para-empresas\/consultoria-em-psicologia-organizacional-positiva\/psicoloaorganizar-2\/\" rel=\"attachment wp-att-776\"><img loading=\"lazy\" class=\"alignnone size-full wp-image-776\" src=\"https:\/\/johariconsultoria.com.br\/wp-content\/uploads\/2020\/04\/psicoloaorganizar-1.png\" alt=\"\" width=\"1769\" height=\"1075\" srcset=\"https:\/\/johariconsultoria.com.br\/wp-content\/uploads\/2020\/04\/psicoloaorganizar-1.png 1769w, https:\/\/johariconsultoria.com.br\/wp-content\/uploads\/2020\/04\/psicoloaorganizar-1-300x182.png 300w, https:\/\/johariconsultoria.com.br\/wp-content\/uploads\/2020\/04\/psicoloaorganizar-1-768x467.png 768w, https:\/\/johariconsultoria.com.br\/wp-content\/uploads\/2020\/04\/psicoloaorganizar-1-1024x622.png 1024w\" sizes=\"(max-width: 1769px) 100vw, 1769px\" \/><\/a><\/p>\n<p>A\u00a0<strong>Psicologia Organizacional Positiva<\/strong>\u00a0promove\u00a0a constru\u00e7\u00e3o de organiza\u00e7\u00f5es salutar a sa\u00fade mental e bem estar dos colaboradores\u00a0 assegurando o desenvolvimento de habilidades e talentos,\u00a0 atra\u00e7\u00e3o e reten\u00e7\u00e3o de talentos e diferencial competitivo.<\/p>\n<p>Adaptamos\u00a0 100% os projetos executados presencialmente para <strong>modalidade online<\/strong> de forma a atender com praticidade e de solu\u00e7\u00f5es \u00e1geis nossos Clientes.<\/p>\n<p>Solu\u00e7\u00f5es: <strong>Consultoria RH, Orienta\u00e7\u00f5es para Lideres, Grupo de Escuta (desenvolvimento comunica\u00e7\u00e3o), Coaching, Treinamentos Comportamentais (Feedback, Lideran\u00e7a, Intelig\u00eancia Positiva)<\/strong>.<\/p>\n<p><a href=\"https:\/\/johariconsultoria.com.br\/index.php\/servicos\/gestao-de-pessoas-e-treinamento-para-empresas\/consultoria-em-psicologia-organizacional-positiva\/traide\/\" rel=\"attachment wp-att-775\"><img loading=\"lazy\" class=\"alignnone size-full wp-image-775\" src=\"https:\/\/johariconsultoria.com.br\/wp-content\/uploads\/2020\/04\/traide.png\" alt=\"\" width=\"1368\" height=\"1059\" srcset=\"https:\/\/johariconsultoria.com.br\/wp-content\/uploads\/2020\/04\/traide.png 1368w, https:\/\/johariconsultoria.com.br\/wp-content\/uploads\/2020\/04\/traide-300x232.png 300w, https:\/\/johariconsultoria.com.br\/wp-content\/uploads\/2020\/04\/traide-768x595.png 768w, https:\/\/johariconsultoria.com.br\/wp-content\/uploads\/2020\/04\/traide-1024x793.png 1024w\" sizes=\"(max-width: 1368px) 100vw, 1368px\" \/><\/a><\/p>\n","protected":false},"excerpt":{"rendered":"<p>Com mais de 13 anos de experi\u00eancia na \u00e1rea nossos consultores s\u00e3o Psic\u00f3logos e Master Coaches especializados em aplicar as pr\u00e1ticas da psicologia organizacional positiva \u00e0 realidade de cada empresa, ajudando-as no desenvolvimento de seus l\u00edderes e equipes. Na Psicologia Positiva o foco est\u00e1 no desenvolvimento de pol\u00edticas, programas e pr\u00e1ticas, que possam contribuir para [&hellip;]<\/p>\n","protected":false},"author":2,"featured_media":0,"parent":49,"menu_order":0,"comment_status":"closed","ping_status":"closed","template":"page-servico.php","meta":[],"_links":{"self":[{"href":"https:\/\/johariconsultoria.com.br\/index.php\/wp-json\/wp\/v2\/pages\/763"}],"collection":[{"href":"https:\/\/johariconsultoria.com.br\/index.php\/wp-json\/wp\/v2\/pages"}],"about":[{"href":"https:\/\/johariconsultoria.com.br\/index.php\/wp-json\/wp\/v2\/types\/page"}],"author":[{"embeddable":true,"href":"https:\/\/johariconsultoria.com.br\/index.php\/wp-json\/wp\/v2\/users\/2"}],"replies":[{"embeddable":true,"href":"https:\/\/johariconsultoria.com.br\/index.php\/wp-json\/wp\/v2\/comments?post=763"}],"version-history":[{"count":14,"href":"https:\/\/johariconsultoria.com.br\/index.php\/wp-json\/wp\/v2\/pages\/763\/revisions"}],"predecessor-version":[{"id":819,"href":"https:\/\/johariconsultoria.com.br\/index.php\/wp-json\/wp\/v2\/pages\/763\/revisions\/819"}],"up":[{"embeddable":true,"href":"https:\/\/johariconsultoria.com.br\/index.php\/wp-json\/wp\/v2\/pages\/49"}],"wp:attachment":[{"href":"https:\/\/johariconsultoria.com.br\/index.php\/wp-json\/wp\/v2\/media?parent=763"}],"curies":[{"name":"wp","href":"https:\/\/api.w.org\/{rel}","templated":true}]}}