
{"id":807,"date":"2020-04-11T03:13:04","date_gmt":"2020-04-11T06:13:04","guid":{"rendered":"https:\/\/johariconsultoria.com.br\/?page_id=807"},"modified":"2020-04-13T15:57:34","modified_gmt":"2020-04-13T18:57:34","slug":"mentoria-para-rh","status":"publish","type":"page","link":"https:\/\/johariconsultoria.com.br\/index.php\/servicos\/performance-no-trabalho\/mentoria-para-rh\/","title":{"rendered":"Mentoria para RH"},"content":{"rendered":"<p><em>Programa de Mentoria acelera a aprendizagem e tem efeitos positivos na produtividade e engajamento.\u00a0<\/em><\/p>\n<p>Na mentoria uma pessoa muito experiente em um tema ou fun\u00e7\u00e3o\u00a0<strong>aconselha, compartilha viv\u00eancias, situa\u00e7\u00f5es e tomadas de decis\u00f5es<\/strong>\u00a0com outro profissional que necessita fortalecer suas compet\u00eancias para se desenvolver.<\/p>\n<p>A <strong>Mentoria em RH<\/strong>\u00a0tem como foco:\u00a0Estrat\u00e9gia do neg\u00f3cio e estrat\u00e9gia de RH,<br \/>\nCultura e clima,\u00a0Desempenho, desenvolvimento e compet\u00eancias,\u00a0Planejamento de pessoas,\u00a0Estrutura, processos e indicadores de RH,\u00a0Desenvolvimento da Lideran\u00e7a.<\/p>\n<p>A sess\u00e3o de mentoria pode ser individual ou em grupo, presencial ou online.<\/p>\n<p><a href=\"https:\/\/johariconsultoria.com.br\/index.php\/servicos\/performance-no-trabalho\/mentoria-para-rh\/mentoria2\/\" rel=\"attachment wp-att-809\"><img loading=\"lazy\" class=\"alignnone size-full wp-image-809\" src=\"https:\/\/johariconsultoria.com.br\/wp-content\/uploads\/2020\/04\/mentoria2.jpeg\" alt=\"\" width=\"640\" height=\"340\" srcset=\"https:\/\/johariconsultoria.com.br\/wp-content\/uploads\/2020\/04\/mentoria2.jpeg 640w, https:\/\/johariconsultoria.com.br\/wp-content\/uploads\/2020\/04\/mentoria2-300x159.jpeg 300w\" sizes=\"(max-width: 640px) 100vw, 640px\" \/><\/a><\/p>\n<p>A mentoria \u00e9 um processo de\u00a0<strong>desenvolvimento cognitivo, social e emocional<\/strong>\u00a0sendo um recurso estruturado oferecido para empresa, com suporte <strong>do\u00a0mentor\u00a0<\/strong><strong>ao mentorado.\u00a0<\/strong><\/p>\n<p><strong>Mas, \u00e9 necess\u00e1rio fazer um lembrete antes de prosseguir:\u00a0<\/strong>mentoria e\u00a0<em>coaching<\/em>\u00a0s\u00e3o processos diferentes! A mentoria tem bases no aconselhamento, na troca de experi\u00eancias no qual o modelo \u00e9 o mentor como refer\u00eancia. O coaching\u00a0 \u00e9 um processo que estimula o\u00a0<em>coachee<\/em>, por meio de t\u00e9cnicas e ferramentas, a refletir sobre si mesmo em prol do alcance dos seus objetivos pessoais e profissionais. Ressaltamos que um processo n\u00e3o desmerece o outro.<\/p>\n","protected":false},"excerpt":{"rendered":"<p>Programa de Mentoria acelera a aprendizagem e tem efeitos positivos na produtividade e engajamento.\u00a0 Na mentoria uma pessoa muito experiente em um tema ou fun\u00e7\u00e3o\u00a0aconselha, compartilha viv\u00eancias, situa\u00e7\u00f5es e tomadas de decis\u00f5es\u00a0com outro profissional que necessita fortalecer suas compet\u00eancias para se desenvolver. A Mentoria em RH\u00a0tem como foco:\u00a0Estrat\u00e9gia do neg\u00f3cio e estrat\u00e9gia de RH, Cultura [&hellip;]<\/p>\n","protected":false},"author":2,"featured_media":0,"parent":45,"menu_order":0,"comment_status":"closed","ping_status":"closed","template":"page-servico.php","meta":[],"_links":{"self":[{"href":"https:\/\/johariconsultoria.com.br\/index.php\/wp-json\/wp\/v2\/pages\/807"}],"collection":[{"href":"https:\/\/johariconsultoria.com.br\/index.php\/wp-json\/wp\/v2\/pages"}],"about":[{"href":"https:\/\/johariconsultoria.com.br\/index.php\/wp-json\/wp\/v2\/types\/page"}],"author":[{"embeddable":true,"href":"https:\/\/johariconsultoria.com.br\/index.php\/wp-json\/wp\/v2\/users\/2"}],"replies":[{"embeddable":true,"href":"https:\/\/johariconsultoria.com.br\/index.php\/wp-json\/wp\/v2\/comments?post=807"}],"version-history":[{"count":9,"href":"https:\/\/johariconsultoria.com.br\/index.php\/wp-json\/wp\/v2\/pages\/807\/revisions"}],"predecessor-version":[{"id":858,"href":"https:\/\/johariconsultoria.com.br\/index.php\/wp-json\/wp\/v2\/pages\/807\/revisions\/858"}],"up":[{"embeddable":true,"href":"https:\/\/johariconsultoria.com.br\/index.php\/wp-json\/wp\/v2\/pages\/45"}],"wp:attachment":[{"href":"https:\/\/johariconsultoria.com.br\/index.php\/wp-json\/wp\/v2\/media?parent=807"}],"curies":[{"name":"wp","href":"https:\/\/api.w.org\/{rel}","templated":true}]}}